{"id":1580,"date":"2019-04-29T15:21:09","date_gmt":"2019-04-29T13:21:09","guid":{"rendered":"http:\/\/www.bremboflex.it\/qualita-e-produzione\/"},"modified":"2023-10-12T10:09:39","modified_gmt":"2023-10-12T08:09:39","slug":"qualita-e-produzione","status":"publish","type":"page","link":"https:\/\/www.bremboflex.it\/de\/qualita-e-produzione\/","title":{"rendered":"QUALIT\u00c4T UND PRODUKTION"},"content":{"rendered":"\t\t<div data-elementor-type=\"wp-post\" data-elementor-id=\"1580\" class=\"elementor elementor-1580 elementor-57\" data-elementor-post-type=\"page\">\n\t\t\t\t\t\t<section class=\"elementor-section elementor-top-section elementor-element elementor-element-5f326f4 elementor-section-boxed elementor-section-height-default elementor-section-height-default\" data-id=\"5f326f4\" data-element_type=\"section\" data-e-type=\"section\">\n\t\t\t\t\t\t<div class=\"elementor-container elementor-column-gap-default\">\n\t\t\t\t\t<div class=\"elementor-column elementor-col-50 elementor-top-column elementor-element elementor-element-0cacc1f\" data-id=\"0cacc1f\" data-element_type=\"column\" data-e-type=\"column\">\n\t\t\t<div class=\"elementor-widget-wrap elementor-element-populated\">\n\t\t\t\t\t\t<div class=\"elementor-element elementor-element-1b5b649 elementor-widget elementor-widget-text-editor\" data-id=\"1b5b649\" data-element_type=\"widget\" data-e-type=\"widget\" data-widget_type=\"text-editor.default\">\n\t\t\t\t<div class=\"elementor-widget-container\">\n\t\t\t\t\t\t\t\t\t<h1><strong>ZERTIFIZIERTE QUALIT\u00c4T<\/strong><\/h1><p>Eine effiziente interne Qualit\u00e4tskontrolle \u00fcberpr\u00fcft die Herstellungsprozesse und die verwendeten Rohstoffe, um ein hohes und konstantes Qualit\u00e4tsniveau zu gew\u00e4hrleisten. Die Kontrollen werden im internen Labor durchgef\u00fchrt, das \u00fcber alle f\u00fcr die Pr\u00fcfung der einzelnen Komponenten und der fertigen Produkte notwendigen Ger\u00e4te verf\u00fcgt. 2005 hat unsere Firma die Zertifizierung ISO 9001:2008 f\u00fcr ihr Unternehmensmanagement erhalten und im Laufe der letzten Jahre wurden ihr die wichtigsten europ\u00e4ischen Produktzertifizierungen f\u00fcr Schl\u00e4uche zuerkannt.<\/p>\t\t\t\t\t\t\t\t<\/div>\n\t\t\t\t<\/div>\n\t\t\t\t<div class=\"elementor-element elementor-element-aff930d elementor-widget__width-auto elementor-widget elementor-widget-image\" data-id=\"aff930d\" data-element_type=\"widget\" data-e-type=\"widget\" data-widget_type=\"image.default\">\n\t\t\t\t<div class=\"elementor-widget-container\">\n\t\t\t\t\t\t\t\t\t\t\t\t\t\t\t<img fetchpriority=\"high\" decoding=\"async\" width=\"300\" height=\"300\" src=\"https:\/\/www.bremboflex.it\/wp-content\/uploads\/2023\/09\/ISO-9001-Italy-300x300.jpg\" class=\"attachment-medium size-medium wp-image-1764\" alt=\"\" srcset=\"https:\/\/www.bremboflex.it\/wp-content\/uploads\/2023\/09\/ISO-9001-Italy-300x300.jpg 300w, https:\/\/www.bremboflex.it\/wp-content\/uploads\/2023\/09\/ISO-9001-Italy-1021x1024.jpg 1021w, https:\/\/www.bremboflex.it\/wp-content\/uploads\/2023\/09\/ISO-9001-Italy-150x150.jpg 150w, https:\/\/www.bremboflex.it\/wp-content\/uploads\/2023\/09\/ISO-9001-Italy-768x771.jpg 768w, https:\/\/www.bremboflex.it\/wp-content\/uploads\/2023\/09\/ISO-9001-Italy-600x600.jpg 600w, https:\/\/www.bremboflex.it\/wp-content\/uploads\/2023\/09\/ISO-9001-Italy.jpg 1176w\" sizes=\"(max-width: 300px) 100vw, 300px\" \/>\t\t\t\t\t\t\t\t\t\t\t\t\t\t\t<\/div>\n\t\t\t\t<\/div>\n\t\t\t\t\t<\/div>\n\t\t<\/div>\n\t\t\t\t<div class=\"elementor-column elementor-col-50 elementor-top-column elementor-element elementor-element-72efdf2\" data-id=\"72efdf2\" data-element_type=\"column\" data-e-type=\"column\">\n\t\t\t<div class=\"elementor-widget-wrap elementor-element-populated\">\n\t\t\t\t\t\t<div class=\"elementor-element elementor-element-6e9157d elementor-widget elementor-widget-image-gallery\" data-id=\"6e9157d\" data-element_type=\"widget\" data-e-type=\"widget\" data-widget_type=\"image-gallery.default\">\n\t\t\t\t<div class=\"elementor-widget-container\">\n\t\t\t\t\t\t\t<div class=\"elementor-image-gallery\">\n\t\t\t<div id='gallery-1' class='gallery galleryid-1580 gallery-columns-2 gallery-size-large'><figure class='gallery-item'>\n\t\t\t<div class='gallery-icon portrait'>\n\t\t\t\t<a data-elementor-open-lightbox=\"yes\" data-elementor-lightbox-slideshow=\"6e9157d\" data-elementor-lightbox-title=\"qualita-g\" data-e-action-hash=\"#elementor-action%3Aaction%3Dlightbox%26settings%3DeyJpZCI6MzgzLCJ1cmwiOiJodHRwczpcL1wvd3d3LmJyZW1ib2ZsZXguaXRcL3dwLWNvbnRlbnRcL3VwbG9hZHNcLzIwMTlcLzA1XC9xdWFsaXRhLWcuanBnIiwic2xpZGVzaG93IjoiNmU5MTU3ZCJ9\" href='https:\/\/www.bremboflex.it\/wp-content\/uploads\/2019\/05\/qualita-g.jpg'><img decoding=\"async\" width=\"357\" height=\"538\" src=\"https:\/\/www.bremboflex.it\/wp-content\/uploads\/2019\/05\/qualita-g.jpg\" class=\"attachment-large size-large\" alt=\"\" srcset=\"https:\/\/www.bremboflex.it\/wp-content\/uploads\/2019\/05\/qualita-g.jpg 357w, https:\/\/www.bremboflex.it\/wp-content\/uploads\/2019\/05\/qualita-g-199x300.jpg 199w\" sizes=\"(max-width: 357px) 100vw, 357px\" \/><\/a>\n\t\t\t<\/div><\/figure><figure class='gallery-item'>\n\t\t\t<div class='gallery-icon portrait'>\n\t\t\t\t<a data-elementor-open-lightbox=\"yes\" data-elementor-lightbox-slideshow=\"6e9157d\" data-elementor-lightbox-title=\"prodotto-g\" data-e-action-hash=\"#elementor-action%3Aaction%3Dlightbox%26settings%3DeyJpZCI6Mzc5LCJ1cmwiOiJodHRwczpcL1wvd3d3LmJyZW1ib2ZsZXguaXRcL3dwLWNvbnRlbnRcL3VwbG9hZHNcLzIwMTlcLzA1XC9wcm9kb3R0by1nLmpwZyIsInNsaWRlc2hvdyI6IjZlOTE1N2QifQ%3D%3D\" href='https:\/\/www.bremboflex.it\/wp-content\/uploads\/2019\/05\/prodotto-g.jpg'><img decoding=\"async\" width=\"357\" height=\"538\" src=\"https:\/\/www.bremboflex.it\/wp-content\/uploads\/2019\/05\/prodotto-g.jpg\" class=\"attachment-large size-large\" alt=\"\" srcset=\"https:\/\/www.bremboflex.it\/wp-content\/uploads\/2019\/05\/prodotto-g.jpg 357w, https:\/\/www.bremboflex.it\/wp-content\/uploads\/2019\/05\/prodotto-g-199x300.jpg 199w\" sizes=\"(max-width: 357px) 100vw, 357px\" \/><\/a>\n\t\t\t<\/div><\/figure>\n\t\t<\/div>\n\t\t<\/div>\n\t\t\t\t\t\t<\/div>\n\t\t\t\t<\/div>\n\t\t\t\t\t<\/div>\n\t\t<\/div>\n\t\t\t\t\t<\/div>\n\t\t<\/section>\n\t\t\t\t<section class=\"elementor-section elementor-top-section elementor-element elementor-element-9ea42a5 elementor-section-boxed elementor-section-height-default elementor-section-height-default\" data-id=\"9ea42a5\" data-element_type=\"section\" data-e-type=\"section\">\n\t\t\t\t\t\t<div class=\"elementor-container elementor-column-gap-default\">\n\t\t\t\t\t<div class=\"elementor-column elementor-col-100 elementor-top-column elementor-element elementor-element-894f6f6\" data-id=\"894f6f6\" data-element_type=\"column\" data-e-type=\"column\">\n\t\t\t<div class=\"elementor-widget-wrap elementor-element-populated\">\n\t\t\t\t\t\t<div class=\"elementor-element elementor-element-caf7224 elementor-widget elementor-widget-text-editor\" data-id=\"caf7224\" data-element_type=\"widget\" data-e-type=\"widget\" data-widget_type=\"text-editor.default\">\n\t\t\t\t<div class=\"elementor-widget-container\">\n\t\t\t\t\t\t\t\t\t<h1><strong>FORTSCHRITT UND PR\u00c4ZISION<\/strong><\/h1><p>Die Produktionsabteilungen sind in 3 Sektoren unterteilt: die Dreherei, die Flechterei und die Montage.<\/p><p>Eine moderne, mit Mehrspindeldrehmaschinen und CNC ausgestattete Abteilung erm\u00f6glicht die Herstellung des gesamten Bedarfs an Fittings aus Messing oder Stahl f\u00fcr die interne Produktion. Aufgrund der gro\u00dfen Flexibilit\u00e4t sind wir in der Lage, alle Anforderungen des Kunden in Bezug auf Mengen und Qualit\u00e4t zu erf\u00fcllen, auch bei der Herstellung von Artikeln nach Zeichnung.<\/p><p>F\u00fcr die Produktion von Flechtschl\u00e4uchen aus Stahldraht, Aluminiumdraht oder Textilf\u00e4den verwendet die Flechterei neue Flecht- und Spulmaschinen, die unter den vom Markt angebotenen technologisch fortschrittlichsten Modellen ausgew\u00e4hlt wurden.<\/p><p>Die Montage der Schl\u00e4uche erfolgt ausschlie\u00dflich mit automatischen Anlagen und halbautomatischen Maschinen, die wir selbst gebaut haben. F\u00fcr die Planung und den Bau dieser Anlagen konnten wir auf die gro\u00dfe Erfahrung bauen, die wir im Laufe der Jahre gesammelt haben und so stellen sie in Bezug auf Produktivit\u00e4t und Qualit\u00e4t das Modernste dar, was man heute im Bereich der Schl\u00e4uche finden kann.<\/p>\t\t\t\t\t\t\t\t<\/div>\n\t\t\t\t<\/div>\n\t\t\t\t\t<\/div>\n\t\t<\/div>\n\t\t\t\t\t<\/div>\n\t\t<\/section>\n\t\t\t\t<\/div>\n\t\t","protected":false},"excerpt":{"rendered":"<p>ZERTIFIZIERTE QUALIT\u00c4T Eine effiziente interne Qualit\u00e4tskontrolle \u00fcberpr\u00fcft die Herstellungsprozesse und die verwendeten Rohstoffe, um ein hohes und konstantes Qualit\u00e4tsniveau zu gew\u00e4hrleisten. Die Kontrollen werden im internen Labor durchgef\u00fchrt, das \u00fcber alle f\u00fcr die Pr\u00fcfung der einzelnen Komponenten und der fertigen Produkte notwendigen Ger\u00e4te verf\u00fcgt. 2005 hat unsere Firma die Zertifizierung ISO 9001:2008 f\u00fcr ihr Unternehmensmanagement [&hellip;]<\/p>\n","protected":false},"author":1,"featured_media":0,"parent":0,"menu_order":0,"comment_status":"closed","ping_status":"closed","template":"","meta":{"ocean_post_layout":"","ocean_both_sidebars_style":"","ocean_both_sidebars_content_width":0,"ocean_both_sidebars_sidebars_width":0,"ocean_sidebar":"0","ocean_second_sidebar":"0","ocean_disable_margins":"enable","ocean_add_body_class":"","ocean_shortcode_before_top_bar":"","ocean_shortcode_after_top_bar":"","ocean_shortcode_before_header":"","ocean_shortcode_after_header":"","ocean_has_shortcode":"","ocean_shortcode_after_title":"","ocean_shortcode_before_footer_widgets":"","ocean_shortcode_after_footer_widgets":"","ocean_shortcode_before_footer_bottom":"","ocean_shortcode_after_footer_bottom":"","ocean_display_top_bar":"default","ocean_display_header":"default","ocean_header_style":"","ocean_center_header_left_menu":"0","ocean_custom_header_template":"0","ocean_custom_logo":0,"ocean_custom_retina_logo":0,"ocean_custom_logo_max_width":0,"ocean_custom_logo_tablet_max_width":0,"ocean_custom_logo_mobile_max_width":0,"ocean_custom_logo_max_height":0,"ocean_custom_logo_tablet_max_height":0,"ocean_custom_logo_mobile_max_height":0,"ocean_header_custom_menu":"0","ocean_menu_typo_font_family":"0","ocean_menu_typo_font_subset":"","ocean_menu_typo_font_size":0,"ocean_menu_typo_font_size_tablet":0,"ocean_menu_typo_font_size_mobile":0,"ocean_menu_typo_font_size_unit":"px","ocean_menu_typo_font_weight":"","ocean_menu_typo_font_weight_tablet":"","ocean_menu_typo_font_weight_mobile":"","ocean_menu_typo_transform":"","ocean_menu_typo_transform_tablet":"","ocean_menu_typo_transform_mobile":"","ocean_menu_typo_line_height":0,"ocean_menu_typo_line_height_tablet":0,"ocean_menu_typo_line_height_mobile":0,"ocean_menu_typo_line_height_unit":"","ocean_menu_typo_spacing":0,"ocean_menu_typo_spacing_tablet":0,"ocean_menu_typo_spacing_mobile":0,"ocean_menu_typo_spacing_unit":"","ocean_menu_link_color":"","ocean_menu_link_color_hover":"","ocean_menu_link_color_active":"","ocean_menu_link_background":"","ocean_menu_link_hover_background":"","ocean_menu_link_active_background":"","ocean_menu_social_links_bg":"","ocean_menu_social_hover_links_bg":"","ocean_menu_social_links_color":"","ocean_menu_social_hover_links_color":"","ocean_disable_title":"default","ocean_disable_heading":"default","ocean_post_title":"","ocean_post_subheading":"","ocean_post_title_style":"","ocean_post_title_background_color":"","ocean_post_title_background":0,"ocean_post_title_bg_image_position":"","ocean_post_title_bg_image_attachment":"","ocean_post_title_bg_image_repeat":"","ocean_post_title_bg_image_size":"","ocean_post_title_height":0,"ocean_post_title_bg_overlay":0.5,"ocean_post_title_bg_overlay_color":"","ocean_disable_breadcrumbs":"default","ocean_breadcrumbs_color":"","ocean_breadcrumbs_separator_color":"","ocean_breadcrumbs_links_color":"","ocean_breadcrumbs_links_hover_color":"","ocean_display_footer_widgets":"default","ocean_display_footer_bottom":"default","ocean_custom_footer_template":"0","footnotes":""},"class_list":["post-1580","page","type-page","status-publish","hentry","entry"],"_links":{"self":[{"href":"https:\/\/www.bremboflex.it\/de\/wp-json\/wp\/v2\/pages\/1580","targetHints":{"allow":["GET"]}}],"collection":[{"href":"https:\/\/www.bremboflex.it\/de\/wp-json\/wp\/v2\/pages"}],"about":[{"href":"https:\/\/www.bremboflex.it\/de\/wp-json\/wp\/v2\/types\/page"}],"author":[{"embeddable":true,"href":"https:\/\/www.bremboflex.it\/de\/wp-json\/wp\/v2\/users\/1"}],"replies":[{"embeddable":true,"href":"https:\/\/www.bremboflex.it\/de\/wp-json\/wp\/v2\/comments?post=1580"}],"version-history":[{"count":14,"href":"https:\/\/www.bremboflex.it\/de\/wp-json\/wp\/v2\/pages\/1580\/revisions"}],"predecessor-version":[{"id":1977,"href":"https:\/\/www.bremboflex.it\/de\/wp-json\/wp\/v2\/pages\/1580\/revisions\/1977"}],"wp:attachment":[{"href":"https:\/\/www.bremboflex.it\/de\/wp-json\/wp\/v2\/media?parent=1580"}],"curies":[{"name":"wp","href":"https:\/\/api.w.org\/{rel}","templated":true}]}}